{"id":3386,"date":"2021-06-07T08:10:35","date_gmt":"2021-06-07T08:10:35","guid":{"rendered":"https:\/\/www.becsespillanatok.hu\/index.php\/photographer-3\/"},"modified":"2023-11-19T09:11:27","modified_gmt":"2023-11-19T08:11:27","slug":"photographer-3","status":"publish","type":"page","link":"https:\/\/www.becsespillanatok.hu\/","title":{"rendered":"Photographer"},"content":{"rendered":"\t\t<div data-elementor-type=\"wp-page\" data-elementor-id=\"3386\" class=\"elementor elementor-3386\">\n\t\t\t\t\t\t\t\t\t<section class=\"elementor-section elementor-top-section elementor-element elementor-element-f9295f2 elementor-section-full_width elementor-section-height-default elementor-section-height-default\" data-id=\"f9295f2\" data-element_type=\"section\">\n\t\t\t\t\t\t<div class=\"elementor-container elementor-column-gap-no\">\n\t\t\t\t\t<div class=\"elementor-column elementor-col-100 elementor-top-column elementor-element elementor-element-d699600\" data-id=\"d699600\" data-element_type=\"column\">\n\t\t\t<div class=\"elementor-widget-wrap elementor-element-populated\">\n\t\t\t\t\t\t\t\t<div class=\"elementor-element elementor-element-2170aa1 elementor-widget elementor-widget-yprm_banner\" data-id=\"2170aa1\" data-element_type=\"widget\" data-settings=\"{&quot;_animation&quot;:&quot;none&quot;}\" data-widget_type=\"yprm_banner.default\">\n\t\t\t\t<div class=\"elementor-widget-container\">\n\t\t\t\t\t\t<div class=\"banner-wrapper banner-area banner-69fda8d7736be with-circle-nav\" style=\"--transition-speed: 2500ms;\" data-settings=\"{&quot;loop&quot;:true,&quot;speed&quot;:500,&quot;autoplay&quot;:{&quot;delay&quot;:5000,&quot;disableOnInteraction&quot;:false,&quot;pauseOnMouseEnter&quot;:true},&quot;arrows&quot;:true,&quot;dots&quot;:true,&quot;dots_position&quot;:&quot;bottom&quot;,&quot;animation&quot;:&quot;&quot;}\">\r\n\t\t\t\t\t\t\t\t\t\t\t\t\t\t\t\t\r\n\t\t\t\t<div class=\"banner banner-items banner-69fda8d7736c3 arrows-bottom pagination-bottom\" id=\"banner-69fda8d7736c4\">\r\n          <div class=\"swiper-container\">\r\n            <div class=\"swiper-wrapper\">\r\n                    <div class=\"item swiper-slide item-banner banner-item-69fda8d7736eb elementor-repeater-item-a5b3540 tal with-shadow inherit\">\r\n        <div class=\"bg-image\" style=\"background-image: url(https:\/\/www.becsespillanatok.hu\/wp-content\/uploads\/2023\/11\/ESK_2021.jpg)\"><\/div>\r\n                  \n    <div class=\"bg-overlay\">\n          <\/div>\n\n                            <div class=\"container\">\r\n          <div class=\"cell bottom\">\r\n\t\t\t\t\t\t\t\t\t\t\t\t\t<div class=\"heading\">\r\n\t\t\t\t\t\t\t\t\t\t\t\t\t\t\t\t\t<div class=\"sub-heading\">ESK\u00dcV\u0150K<\/div>\r\n\t\t\t\t\t\t\t\t\t\t\t\t\t\t\t\t<h1 class=\"h\">\r\n\t\t\t\t\t\t\t\t\tAnda P\u00e9ter\t\t\t\t\t\t\t\t<\/h1>\r\n\t\t\t\t\t\t\t<\/div>\r\n\t\t\t\t\t\t\t\t\t\t\t\t\t\t\t\t\t\t\t<div class=\"text\">A becses pillanatok meg\u00f6r\u00f6k\u00edt\u0151je<\/div>\r\n\t\t\t\t\t    \t\t\t\t\t    \t\t\t\t\t\t    <a href=\"#\" class=\"button-style2\">\r\n\t\t\t\t\t\t    \t\t\t\t\t\t\t\t    <span>Megn\u00e9zem<\/span>\r\n\t\t\t\t\t\t\t<\/a>\r\n\t\t\t\t\t\t\t\t\t\t\t\t\t\t\t\t\t<\/div>\r\n\t\t\t\t<\/div>\r\n\t\t\t<\/div>\r\n\t\t      <div class=\"item swiper-slide item-banner banner-item-69fda8d7738d0 elementor-repeater-item-f1bd2bf tal with-shadow inherit\">\r\n        <div class=\"bg-image\" style=\"background-image: url(https:\/\/www.becsespillanatok.hu\/wp-content\/uploads\/2023\/11\/Szilvi01.jpg)\"><\/div>\r\n                  \n    <div class=\"bg-overlay\">\n          <\/div>\n\n                            <div class=\"container\">\r\n          <div class=\"cell bottom\">\r\n\t\t\t\t\t\t\t\t\t\t\t\t\t<div class=\"heading\">\r\n\t\t\t\t\t\t\t\t\t\t\t\t\t\t\t\t\t<div class=\"sub-heading\">PORTR\u00c9K<br \/>\nk\u00fcl\u00f6nleges helysz\u00edneken<\/div>\r\n\t\t\t\t\t\t\t\t\t\t\t\t\t\t\t\t<h1 class=\"h\">\r\n\t\t\t\t\t\t\t\t\tAnda P\u00e9ter\t\t\t\t\t\t\t\t<\/h1>\r\n\t\t\t\t\t\t\t<\/div>\r\n\t\t\t\t\t\t\t\t\t\t\t\t\t\t\t\t\t\t\t<div class=\"text\">A becses pillanatok meg\u00f6r\u00f6k\u00edt\u0151je<\/div>\r\n\t\t\t\t\t    \t\t\t\t\t    \t\t\t\t\t\t    <a href=\"#\" class=\"button-style2\">\r\n\t\t\t\t\t\t    \t\t\t\t\t\t\t\t    <span>Megn\u00e9zem<\/span>\r\n\t\t\t\t\t\t\t<\/a>\r\n\t\t\t\t\t\t\t\t\t\t\t\t\t\t\t\t\t<\/div>\r\n\t\t\t\t<\/div>\r\n\t\t\t<\/div>\r\n\t\t      <div class=\"item swiper-slide item-banner banner-item-69fda8d773a2f elementor-repeater-item-5a09713 tal with-shadow inherit\">\r\n        <div class=\"bg-image\" style=\"background-image: url(https:\/\/www.becsespillanatok.hu\/wp-content\/uploads\/2023\/11\/mimi01.jpg)\"><\/div>\r\n                  \n    <div class=\"bg-overlay\">\n          <\/div>\n\n                            <div class=\"container\">\r\n          <div class=\"cell bottom\">\r\n\t\t\t\t\t\t\t\t\t\t\t\t\t<div class=\"heading\">\r\n\t\t\t\t\t\t\t\t\t\t\t\t\t\t\t\t\t<div class=\"sub-heading\">PORTR\u00c9K<br \/>\nst\u00fadi\u00f3ban<\/div>\r\n\t\t\t\t\t\t\t\t\t\t\t\t\t\t\t\t<h1 class=\"h\">\r\n\t\t\t\t\t\t\t\t\tAnda P\u00e9ter\t\t\t\t\t\t\t\t<\/h1>\r\n\t\t\t\t\t\t\t<\/div>\r\n\t\t\t\t\t\t\t\t\t\t\t\t\t\t\t\t\t\t\t<div class=\"text\">A becses pillanatok meg\u00f6r\u00f6k\u00edt\u0151je<\/div>\r\n\t\t\t\t\t    \t\t\t\t\t    \t\t\t\t\t\t    <a href=\"#\" class=\"button-style2\">\r\n\t\t\t\t\t\t    \t\t\t\t\t\t\t\t    <span>Megn\u00e9zem<\/span>\r\n\t\t\t\t\t\t\t<\/a>\r\n\t\t\t\t\t\t\t\t\t\t\t\t\t\t\t\t\t<\/div>\r\n\t\t\t\t<\/div>\r\n\t\t\t<\/div>\r\n\t\t      <div class=\"item swiper-slide item-banner banner-item-69fda8d773b71 elementor-repeater-item-44e4530 tal with-shadow inherit\">\r\n        <div class=\"bg-image\" style=\"background-image: url(https:\/\/www.becsespillanatok.hu\/wp-content\/uploads\/2023\/11\/5D3_2225-1.jpg)\"><\/div>\r\n                  \n    <div class=\"bg-overlay\">\n          <\/div>\n\n                            <div class=\"container\">\r\n          <div class=\"cell bottom\">\r\n\t\t\t\t\t\t\t\t\t\t\t\t\t<div class=\"heading\">\r\n\t\t\t\t\t\t\t\t\t\t\t\t\t\t\t\t\t<div class=\"sub-heading\">CSAL\u00c1DFOT\u00d3K<\/div>\r\n\t\t\t\t\t\t\t\t\t\t\t\t\t\t\t\t<h1 class=\"h\">\r\n\t\t\t\t\t\t\t\t\tAnda P\u00e9ter\t\t\t\t\t\t\t\t<\/h1>\r\n\t\t\t\t\t\t\t<\/div>\r\n\t\t\t\t\t\t\t\t\t\t\t\t\t\t\t\t\t\t\t<div class=\"text\">A becses pillanatok meg\u00f6r\u00f6k\u00edt\u0151je<\/div>\r\n\t\t\t\t\t    \t\t\t\t\t    \t\t\t\t\t\t    <a href=\"#\" class=\"button-style2\">\r\n\t\t\t\t\t\t    \t\t\t\t\t\t\t\t    <span>Megn\u00e9zem<\/span>\r\n\t\t\t\t\t\t\t<\/a>\r\n\t\t\t\t\t\t\t\t\t\t\t\t\t\t\t\t\t<\/div>\r\n\t\t\t\t<\/div>\r\n\t\t\t<\/div>\r\n\t\t            <\/div>\r\n          <\/div>\r\n          \r\n          <div class=\"owl-nav\"><div class=\"owl-prev basic-ui-icon-left-arrow\"><\/div><div class=\"owl-next basic-ui-icon-right-arrow\"><\/div><\/div>\r\n          <div class=\"banner-circle-nav container\"><\/div>          \r\n\t\t\t\t<\/div>\r\n\r\n\t\t\t<\/div>\r\n\t\t\t\t<\/div>\n\t\t\t\t<\/div>\n\t\t\t\t\t<\/div>\n\t\t<\/div>\n\t\t\t\t\t\t\t<\/div>\n\t\t<\/section>\n\t\t\t\t<section class=\"elementor-section elementor-top-section elementor-element elementor-element-5f5c502 elementor-section-boxed elementor-section-height-default elementor-section-height-default\" data-id=\"5f5c502\" data-element_type=\"section\" data-settings=\"{&quot;background_background&quot;:&quot;classic&quot;}\">\n\t\t\t\t\t\t<div class=\"elementor-container elementor-column-gap-default\">\n\t\t\t\t\t<div class=\"elementor-column elementor-col-50 elementor-top-column elementor-element elementor-element-4380124\" data-id=\"4380124\" data-element_type=\"column\">\n\t\t\t<div class=\"elementor-widget-wrap elementor-element-populated\">\n\t\t\t\t\t\t\t\t<div class=\"elementor-element elementor-element-6ff2946 elementor-widget elementor-widget-yprm_side_image\" data-id=\"6ff2946\" data-element_type=\"widget\" data-widget_type=\"yprm_side_image.default\">\n\t\t\t\t<div class=\"elementor-widget-container\">\n\t\t\t\t\t\t<div class=\"side-img style-square align-left\">\n\t\t\t\t<div style=\"background-image: url(https:\/\/www.becsespillanatok.hu\/wp-content\/uploads\/2023\/11\/andapeterprofil.jpg);\"><\/div>\n\t\t\t<\/div>\n\t\t\t\t<\/div>\n\t\t\t\t<\/div>\n\t\t\t\t\t<\/div>\n\t\t<\/div>\n\t\t\t\t<div class=\"elementor-column elementor-col-50 elementor-top-column elementor-element elementor-element-9cf9350\" data-id=\"9cf9350\" data-element_type=\"column\">\n\t\t\t<div class=\"elementor-widget-wrap elementor-element-populated\">\n\t\t\t\t\t\t\t\t<div class=\"elementor-element elementor-element-a767fe5 elementor-widget elementor-widget-yprm_heading\" data-id=\"a767fe5\" data-element_type=\"widget\" data-widget_type=\"yprm_heading.default\">\n\t\t\t\t<div class=\"elementor-widget-container\">\n\t\t\t\t\t\t<div class=\"heading-block with-line tal\">\n\t\t\t\t                  <h2 class=\"h\">Anda P\u00e9ter <span>fotogr\u00e1fus<\/span> vagyok<\/h2>\n        \t\t\t<\/div>\n      \t\t\t\t<\/div>\n\t\t\t\t<\/div>\n\t\t\t\t<div class=\"elementor-element elementor-element-83139f5 elementor-widget elementor-widget-text-editor\" data-id=\"83139f5\" data-element_type=\"widget\" data-widget_type=\"text-editor.default\">\n\t\t\t\t<div class=\"elementor-widget-container\">\n\t\t\t<style>\/*! elementor - v3.17.0 - 08-11-2023 *\/\n.elementor-widget-text-editor.elementor-drop-cap-view-stacked .elementor-drop-cap{background-color:#69727d;color:#fff}.elementor-widget-text-editor.elementor-drop-cap-view-framed .elementor-drop-cap{color:#69727d;border:3px solid;background-color:transparent}.elementor-widget-text-editor:not(.elementor-drop-cap-view-default) .elementor-drop-cap{margin-top:8px}.elementor-widget-text-editor:not(.elementor-drop-cap-view-default) .elementor-drop-cap-letter{width:1em;height:1em}.elementor-widget-text-editor .elementor-drop-cap{float:left;text-align:center;line-height:1;font-size:50px}.elementor-widget-text-editor .elementor-drop-cap-letter{display:inline-block}<\/style>\t\t\t\t<p><span style=\"font-size: 20px;\">A fot\u00f3z\u00e1s a mindenem! Legink\u00e1bb olyan k\u00e9peket szeretek csin\u00e1lni, ami embert\/embereket \u00e1br\u00e1zol. Ez lehet egy portr\u00e9, lehet egy esem\u00e9ny. Igyekszem mindig \u00fagy k\u00e9sz\u00edteni a k\u00e9peimet, hogy megjelenjenek rajta \u00e9rzelmek. Ett\u0151l lesznek a k\u00e9peim igazi becses pillanatok.<\/span><\/p><p><span style=\"font-size: 20px;\">C\u00e9lom, hogy a <strong><span style=\"color: #c48f56;\">becses\u00a0 pillanatok<\/span><\/strong> \u00f6r\u00f6k eml\u00e9kk\u00e9 v\u00e1lhassanak!<\/span><\/p>\t\t\t\t\t\t<\/div>\n\t\t\t\t<\/div>\n\t\t\t\t\t<\/div>\n\t\t<\/div>\n\t\t\t\t\t\t\t<\/div>\n\t\t<\/section>\n\t\t\t\t\t\t\t<\/div>\n\t\t","protected":false},"excerpt":{"rendered":"<p>ESK\u00dcV\u0150K Anda P\u00e9ter A becses pillanatok meg\u00f6r\u00f6k\u00edt\u0151je Megn\u00e9zem PORTR\u00c9K k\u00fcl\u00f6nleges helysz\u00edneken Anda P\u00e9ter A becses pillanatok meg\u00f6r\u00f6k\u00edt\u0151je Megn\u00e9zem PORTR\u00c9K st\u00fadi\u00f3ban Anda P\u00e9ter A becses pillanatok meg\u00f6r\u00f6k\u00edt\u0151je Megn\u00e9zem CSAL\u00c1DFOT\u00d3K Anda P\u00e9ter A becses pillanatok meg\u00f6r\u00f6k\u00edt\u0151je Megn\u00e9zem Anda P\u00e9ter fotogr\u00e1fus vagyok A fot\u00f3z\u00e1s a mindenem! Legink\u00e1bb olyan k\u00e9peket szeretek csin\u00e1lni, ami embert\/embereket \u00e1br\u00e1zol. Ez lehet egy portr\u00e9, [&hellip;]<\/p>\n","protected":false},"author":1,"featured_media":0,"parent":0,"menu_order":0,"comment_status":"closed","ping_status":"closed","template":"template-landing.php","meta":{"footnotes":""},"class_list":["post-3386","page","type-page","status-publish","hentry"],"acf":[],"_links":{"self":[{"href":"https:\/\/www.becsespillanatok.hu\/index.php\/wp-json\/wp\/v2\/pages\/3386","targetHints":{"allow":["GET"]}}],"collection":[{"href":"https:\/\/www.becsespillanatok.hu\/index.php\/wp-json\/wp\/v2\/pages"}],"about":[{"href":"https:\/\/www.becsespillanatok.hu\/index.php\/wp-json\/wp\/v2\/types\/page"}],"author":[{"embeddable":true,"href":"https:\/\/www.becsespillanatok.hu\/index.php\/wp-json\/wp\/v2\/users\/1"}],"replies":[{"embeddable":true,"href":"https:\/\/www.becsespillanatok.hu\/index.php\/wp-json\/wp\/v2\/comments?post=3386"}],"version-history":[{"count":67,"href":"https:\/\/www.becsespillanatok.hu\/index.php\/wp-json\/wp\/v2\/pages\/3386\/revisions"}],"predecessor-version":[{"id":3476,"href":"https:\/\/www.becsespillanatok.hu\/index.php\/wp-json\/wp\/v2\/pages\/3386\/revisions\/3476"}],"wp:attachment":[{"href":"https:\/\/www.becsespillanatok.hu\/index.php\/wp-json\/wp\/v2\/media?parent=3386"}],"curies":[{"name":"wp","href":"https:\/\/api.w.org\/{rel}","templated":true}]}}